{"id":2275,"date":"2020-04-14T13:33:25","date_gmt":"2020-04-14T11:33:25","guid":{"rendered":"https:\/\/www.ifs-france.eu\/accueil\/"},"modified":"2026-04-16T12:29:36","modified_gmt":"2026-04-16T10:29:36","slug":"homepage","status":"publish","type":"page","link":"https:\/\/www.ifs-france.eu\/en\/","title":{"rendered":"Home"},"content":{"rendered":"\t\t<div data-elementor-type=\"wp-page\" data-elementor-id=\"2275\" class=\"elementor elementor-2275 elementor-34\" data-elementor-post-type=\"page\">\n\t\t\t\t\t\t<section class=\"elementor-section elementor-top-section elementor-element elementor-element-7b14f68 elementor-section-full_width section_diapo elementor-section-height-default elementor-section-height-default\" data-id=\"7b14f68\" data-element_type=\"section\" data-e-type=\"section\" data-settings=\"{&quot;background_background&quot;:&quot;classic&quot;}\">\n\t\t\t\t\t\t<div class=\"elementor-container elementor-column-gap-default\">\n\t\t\t\t\t<div class=\"elementor-column elementor-col-100 elementor-top-column elementor-element elementor-element-0bd0413\" data-id=\"0bd0413\" data-element_type=\"column\" data-e-type=\"column\">\n\t\t\t<div class=\"elementor-widget-wrap elementor-element-populated\">\n\t\t\t\t\t\t<div class=\"elementor-element elementor-element-e43393c elementor--h-position-center elementor--v-position-middle elementor-arrows-position-inside elementor-pagination-position-inside elementor-widget elementor-widget-slides\" data-id=\"e43393c\" data-element_type=\"widget\" data-e-type=\"widget\" data-settings=\"{&quot;navigation&quot;:&quot;both&quot;,&quot;infinite&quot;:&quot;yes&quot;,&quot;transition&quot;:&quot;slide&quot;,&quot;transition_speed&quot;:500}\" data-widget_type=\"slides.default\">\n\t\t\t\t<div class=\"elementor-widget-container\">\n\t\t\t\t\t\t\t\t\t<div class=\"elementor-swiper\">\n\t\t\t\t\t<div class=\"elementor-slides-wrapper elementor-main-swiper swiper\" role=\"region\" aria-roledescription=\"carousel\" aria-label=\"Diapositives\" dir=\"ltr\" data-animation=\"fadeInUp\">\n\t\t\t\t<div class=\"swiper-wrapper elementor-slides\">\n\t\t\t\t\t\t\t\t\t\t<div class=\"elementor-repeater-item-294ab35 swiper-slide\" role=\"group\" aria-roledescription=\"slide\"><div class=\"swiper-slide-bg\" role=\"img\" aria-label=\"image-de-garde\"><\/div><div class=\"swiper-slide-inner\" ><div class=\"swiper-slide-contents\"><div class=\"elementor-slide-heading\">Fixation Systems <span class=\"blue\">for facades<\/span><\/div><a href=\"https:\/\/www.ifs-france.eu\/en\/nous-contacter\/\" class=\"elementor-button elementor-slide-button elementor-size-sm\">CONTACT US<\/a><\/div><\/div><\/div><div class=\"elementor-repeater-item-2a3abb0 swiper-slide\" role=\"group\" aria-roledescription=\"slide\"><div class=\"swiper-slide-bg\" role=\"img\" aria-label=\"slide-01\"><\/div><div class=\"swiper-slide-inner\" ><div class=\"swiper-slide-contents\"><div class=\"elementor-slide-heading\">Fixation Systems <span class=\"blue\">for facades<\/span><\/div><a href=\"https:\/\/www.ifs-france.eu\/en\/nous-contacter\/\" class=\"elementor-button elementor-slide-button elementor-size-sm\">CONTACT US<\/a><\/div><\/div><\/div><div class=\"elementor-repeater-item-3e23d4f swiper-slide\" role=\"group\" aria-roledescription=\"slide\"><div class=\"swiper-slide-bg\" role=\"img\" aria-label=\"slide-02\"><\/div><div class=\"swiper-slide-inner\" ><div class=\"swiper-slide-contents\"><div class=\"elementor-slide-heading\">Fixation Systems <span class=\"blue\">for facades<\/span><\/div><a href=\"https:\/\/www.ifs-france.eu\/en\/nous-contacter\/\" class=\"elementor-button elementor-slide-button elementor-size-sm\">CONTACT US<\/a><\/div><\/div><\/div>\t\t\t\t<\/div>\n\t\t\t\t\t\t\t\t\t\t\t\t\t\t\t<div class=\"elementor-swiper-button elementor-swiper-button-prev\" role=\"button\" tabindex=\"0\" aria-label=\"Previous slide\">\n\t\t\t\t\t\t\t<i aria-hidden=\"true\" class=\"eicon-chevron-left\"><\/i>\t\t\t\t\t\t<\/div>\n\t\t\t\t\t\t<div class=\"elementor-swiper-button elementor-swiper-button-next\" role=\"button\" tabindex=\"0\" aria-label=\"Next slide\">\n\t\t\t\t\t\t\t<i aria-hidden=\"true\" class=\"eicon-chevron-right\"><\/i>\t\t\t\t\t\t<\/div>\n\t\t\t\t\t\t\t\t\t\t\t\t\t\t\t\t<div class=\"swiper-pagination\"><\/div>\n\t\t\t\t\t\t\t\t\t\t\t\t<\/div>\n\t\t\t\t<\/div>\n\t\t\t\t\t\t\t\t<\/div>\n\t\t\t\t<\/div>\n\t\t\t\t\t<\/div>\n\t\t<\/div>\n\t\t\t\t\t<\/div>\n\t\t<\/section>\n\t\t\t\t<section class=\"elementor-section elementor-top-section elementor-element elementor-element-0ce815a elementor-section-full_width center gamme-produits no_margin elementor-section-height-default elementor-section-height-default\" data-id=\"0ce815a\" data-element_type=\"section\" data-e-type=\"section\" data-settings=\"{&quot;background_background&quot;:&quot;classic&quot;}\">\n\t\t\t\t\t\t\t<div class=\"elementor-background-overlay\"><\/div>\n\t\t\t\t\t\t\t<div class=\"elementor-container elementor-column-gap-default\">\n\t\t\t\t\t<div class=\"elementor-column elementor-col-100 elementor-top-column elementor-element elementor-element-69be1f5 fond-carre\" data-id=\"69be1f5\" data-element_type=\"column\" data-e-type=\"column\">\n\t\t\t<div class=\"elementor-widget-wrap elementor-element-populated\">\n\t\t\t\t\t\t<div class=\"elementor-element elementor-element-70ca013 elementor-widget elementor-widget-heading\" data-id=\"70ca013\" data-element_type=\"widget\" data-e-type=\"widget\" data-widget_type=\"heading.default\">\n\t\t\t\t<div class=\"elementor-widget-container\">\n\t\t\t\t\t<h1 class=\"elementor-heading-title elementor-size-default\">Product Ranges<\/h1>\t\t\t\t<\/div>\n\t\t\t\t<\/div>\n\t\t\t\t<section class=\"elementor-section elementor-inner-section elementor-element elementor-element-46263bc elementor-section-boxed elementor-section-height-default elementor-section-height-default\" data-id=\"46263bc\" data-element_type=\"section\" data-e-type=\"section\">\n\t\t\t\t\t\t<div class=\"elementor-container elementor-column-gap-default\">\n\t\t\t\t\t<div class=\"elementor-column elementor-col-25 elementor-inner-column elementor-element elementor-element-f3c9d24 single-categorie center\" data-id=\"f3c9d24\" data-element_type=\"column\" data-e-type=\"column\">\n\t\t\t<div class=\"elementor-widget-wrap elementor-element-populated\">\n\t\t\t\t\t\t<div class=\"elementor-element elementor-element-9cb0f7c home elementor-widget elementor-widget-heading\" data-id=\"9cb0f7c\" data-element_type=\"widget\" data-e-type=\"widget\" data-widget_type=\"heading.default\">\n\t\t\t\t<div class=\"elementor-widget-container\">\n\t\t\t\t\t<h2 class=\"elementor-heading-title elementor-size-default\"><a href=\"https:\/\/www.ifs-france.eu\/categories\/natural-stone-facade\/\">Natural Stone <br> Facades<\/a><\/h2>\t\t\t\t<\/div>\n\t\t\t\t<\/div>\n\t\t\t\t<div class=\"elementor-element elementor-element-85d71c2 elementor-widget elementor-widget-image\" data-id=\"85d71c2\" data-element_type=\"widget\" data-e-type=\"widget\" data-widget_type=\"image.default\">\n\t\t\t\t<div class=\"elementor-widget-container\">\n\t\t\t\t\t\t\t\t\t\t\t\t\t\t\t\t<a href=\"https:\/\/www.ifs-france.eu\/categories\/natural-stone-facade\/\">\n\t\t\t\t\t\t\t<img fetchpriority=\"high\" decoding=\"async\" width=\"800\" height=\"600\" src=\"https:\/\/www.ifs-france.eu\/public\/uploads\/2022\/05\/pierres.jpg\" class=\"attachment-large size-large wp-image-788\" alt=\"Image de balcons d&#039;un appartement\" srcset=\"https:\/\/www.ifs-france.eu\/public\/uploads\/2022\/05\/pierres.jpg 800w, https:\/\/www.ifs-france.eu\/public\/uploads\/2022\/05\/pierres-300x225.jpg 300w, https:\/\/www.ifs-france.eu\/public\/uploads\/2022\/05\/pierres-768x576.jpg 768w\" sizes=\"(max-width: 800px) 100vw, 800px\" \/>\t\t\t\t\t\t\t\t<\/a>\n\t\t\t\t\t\t\t\t\t\t\t\t\t\t\t<\/div>\n\t\t\t\t<\/div>\n\t\t\t\t\t<\/div>\n\t\t<\/div>\n\t\t\t\t<div class=\"elementor-column elementor-col-25 elementor-inner-column elementor-element elementor-element-15ed25d single-categorie center\" data-id=\"15ed25d\" data-element_type=\"column\" data-e-type=\"column\">\n\t\t\t<div class=\"elementor-widget-wrap elementor-element-populated\">\n\t\t\t\t\t\t<div class=\"elementor-element elementor-element-9ccb80b home elementor-widget elementor-widget-heading\" data-id=\"9ccb80b\" data-element_type=\"widget\" data-e-type=\"widget\" data-widget_type=\"heading.default\">\n\t\t\t\t<div class=\"elementor-widget-container\">\n\t\t\t\t\t<h2 class=\"elementor-heading-title elementor-size-default\"><a href=\"https:\/\/www.ifs-france.eu\/categories\/facades-mountings-systems\/\">Facades mountings <br> systems<\/a><\/h2>\t\t\t\t<\/div>\n\t\t\t\t<\/div>\n\t\t\t\t<div class=\"elementor-element elementor-element-d7072ea elementor-widget elementor-widget-image\" data-id=\"d7072ea\" data-element_type=\"widget\" data-e-type=\"widget\" data-widget_type=\"image.default\">\n\t\t\t\t<div class=\"elementor-widget-container\">\n\t\t\t\t\t\t\t\t\t\t\t\t\t\t\t\t<a href=\"https:\/\/www.ifs-france.eu\/categories\/facades-mountings-systems\/\">\n\t\t\t\t\t\t\t<img decoding=\"async\" width=\"800\" height=\"600\" src=\"https:\/\/www.ifs-france.eu\/public\/uploads\/2022\/05\/bardage.jpg\" class=\"attachment-large size-large wp-image-787\" alt=\"Image de deux immeubles\" srcset=\"https:\/\/www.ifs-france.eu\/public\/uploads\/2022\/05\/bardage.jpg 800w, https:\/\/www.ifs-france.eu\/public\/uploads\/2022\/05\/bardage-300x225.jpg 300w, https:\/\/www.ifs-france.eu\/public\/uploads\/2022\/05\/bardage-768x576.jpg 768w\" sizes=\"(max-width: 800px) 100vw, 800px\" \/>\t\t\t\t\t\t\t\t<\/a>\n\t\t\t\t\t\t\t\t\t\t\t\t\t\t\t<\/div>\n\t\t\t\t<\/div>\n\t\t\t\t\t<\/div>\n\t\t<\/div>\n\t\t\t\t<div class=\"elementor-column elementor-col-25 elementor-inner-column elementor-element elementor-element-5b89763 single-categorie center\" data-id=\"5b89763\" data-element_type=\"column\" data-e-type=\"column\">\n\t\t\t<div class=\"elementor-widget-wrap elementor-element-populated\">\n\t\t\t\t\t\t<div class=\"elementor-element elementor-element-0a0353c home elementor-widget elementor-widget-heading\" data-id=\"0a0353c\" data-element_type=\"widget\" data-e-type=\"widget\" data-widget_type=\"heading.default\">\n\t\t\t\t<div class=\"elementor-widget-container\">\n\t\t\t\t\t<h2 class=\"elementor-heading-title elementor-size-default\"><a href=\"https:\/\/www.ifs-france.eu\/categories\/masonry-brickwork\/\">Masonry &amp; <br> brickwork<\/a><\/h2>\t\t\t\t<\/div>\n\t\t\t\t<\/div>\n\t\t\t\t<div class=\"elementor-element elementor-element-0fdfbe0 elementor-widget elementor-widget-image\" data-id=\"0fdfbe0\" data-element_type=\"widget\" data-e-type=\"widget\" data-widget_type=\"image.default\">\n\t\t\t\t<div class=\"elementor-widget-container\">\n\t\t\t\t\t\t\t\t\t\t\t\t\t\t\t\t<a href=\"https:\/\/www.ifs-france.eu\/categories\/masonry-brickwork\/\">\n\t\t\t\t\t\t\t<img decoding=\"async\" width=\"800\" height=\"600\" src=\"https:\/\/www.ifs-france.eu\/public\/uploads\/2022\/05\/murs-doubles.jpg\" class=\"attachment-large size-large wp-image-789\" alt=\"Image de la fa\u00e7ade d&#039;un b\u00e2timent en brique rouge au coin d&#039;une rue\" srcset=\"https:\/\/www.ifs-france.eu\/public\/uploads\/2022\/05\/murs-doubles.jpg 800w, https:\/\/www.ifs-france.eu\/public\/uploads\/2022\/05\/murs-doubles-300x225.jpg 300w, https:\/\/www.ifs-france.eu\/public\/uploads\/2022\/05\/murs-doubles-768x576.jpg 768w\" sizes=\"(max-width: 800px) 100vw, 800px\" \/>\t\t\t\t\t\t\t\t<\/a>\n\t\t\t\t\t\t\t\t\t\t\t\t\t\t\t<\/div>\n\t\t\t\t<\/div>\n\t\t\t\t\t<\/div>\n\t\t<\/div>\n\t\t\t\t<div class=\"elementor-column elementor-col-25 elementor-inner-column elementor-element elementor-element-b97cf0d single-categorie center\" data-id=\"b97cf0d\" data-element_type=\"column\" data-e-type=\"column\">\n\t\t\t<div class=\"elementor-widget-wrap elementor-element-populated\">\n\t\t\t\t\t\t<div class=\"elementor-element elementor-element-9c5afe2 home elementor-widget elementor-widget-heading\" data-id=\"9c5afe2\" data-element_type=\"widget\" data-e-type=\"widget\" data-widget_type=\"heading.default\">\n\t\t\t\t<div class=\"elementor-widget-container\">\n\t\t\t\t\t<h2 class=\"elementor-heading-title elementor-size-default\"><a href=\"https:\/\/www.ifs-france.eu\/categories\/concrete-panel-fixings\/\">CONCRETE <br> PANEL FIXINGS<\/a><\/h2>\t\t\t\t<\/div>\n\t\t\t\t<\/div>\n\t\t\t\t<div class=\"elementor-element elementor-element-35cedd9 elementor-widget elementor-widget-image\" data-id=\"35cedd9\" data-element_type=\"widget\" data-e-type=\"widget\" data-widget_type=\"image.default\">\n\t\t\t\t<div class=\"elementor-widget-container\">\n\t\t\t\t\t\t\t\t\t\t\t\t\t\t\t\t<a href=\"https:\/\/www.ifs-france.eu\/categories\/concrete-panel-fixings\/\">\n\t\t\t\t\t\t\t<img loading=\"lazy\" decoding=\"async\" width=\"800\" height=\"600\" src=\"https:\/\/www.ifs-france.eu\/public\/uploads\/2022\/05\/panneaux-beton.jpg\" class=\"attachment-large size-large wp-image-786\" alt=\"Image d&#039;un b\u00e2timent moderne avec une passerelle vitr\u00e9e\" srcset=\"https:\/\/www.ifs-france.eu\/public\/uploads\/2022\/05\/panneaux-beton.jpg 800w, https:\/\/www.ifs-france.eu\/public\/uploads\/2022\/05\/panneaux-beton-300x225.jpg 300w, https:\/\/www.ifs-france.eu\/public\/uploads\/2022\/05\/panneaux-beton-768x576.jpg 768w\" sizes=\"(max-width: 800px) 100vw, 800px\" \/>\t\t\t\t\t\t\t\t<\/a>\n\t\t\t\t\t\t\t\t\t\t\t\t\t\t\t<\/div>\n\t\t\t\t<\/div>\n\t\t\t\t\t<\/div>\n\t\t<\/div>\n\t\t\t\t\t<\/div>\n\t\t<\/section>\n\t\t\t\t\t<\/div>\n\t\t<\/div>\n\t\t\t\t\t<\/div>\n\t\t<\/section>\n\t\t\t\t<section class=\"elementor-section elementor-top-section elementor-element elementor-element-a21e905 elementor-section-full_width block_txt_img elementor-section-height-default elementor-section-height-default\" data-id=\"a21e905\" data-element_type=\"section\" data-e-type=\"section\" data-settings=\"{&quot;background_background&quot;:&quot;classic&quot;}\">\n\t\t\t\t\t\t<div class=\"elementor-container elementor-column-gap-default\">\n\t\t\t\t\t<div class=\"elementor-column elementor-col-50 elementor-top-column elementor-element elementor-element-5e21482 block_txt\" data-id=\"5e21482\" data-element_type=\"column\" data-e-type=\"column\">\n\t\t\t<div class=\"elementor-widget-wrap elementor-element-populated\">\n\t\t\t\t\t\t<div class=\"elementor-element elementor-element-90d342c h2 center elementor-widget elementor-widget-heading\" data-id=\"90d342c\" data-element_type=\"widget\" data-e-type=\"widget\" data-widget_type=\"heading.default\">\n\t\t\t\t<div class=\"elementor-widget-container\">\n\t\t\t\t\t<h2 class=\"elementor-heading-title elementor-size-default\">Featured<\/h2>\t\t\t\t<\/div>\n\t\t\t\t<\/div>\n\t\t\t\t<div class=\"elementor-element elementor-element-864a589 center about_home elementor-widget elementor-widget-text-editor\" data-id=\"864a589\" data-element_type=\"widget\" data-e-type=\"widget\" data-widget_type=\"text-editor.default\">\n\t\t\t\t<div class=\"elementor-widget-container\">\n\t\t\t\t\t\t\t\t\t<p>Find the latest information and achievements of IFS.<\/p>\n\t\t\t\t\t\t\t\t<\/div>\n\t\t\t\t<\/div>\n\t\t\t\t<div class=\"elementor-element elementor-element-ba93fb5 bouton bleu center elementor-widget elementor-widget-button\" data-id=\"ba93fb5\" data-element_type=\"widget\" data-e-type=\"widget\" data-widget_type=\"button.default\">\n\t\t\t\t<div class=\"elementor-widget-container\">\n\t\t\t\t\t\t\t\t\t<div class=\"elementor-button-wrapper\">\n\t\t\t\t\t<a class=\"elementor-button elementor-button-link elementor-size-sm\" href=\"https:\/\/www.ifs-france.eu\/en\/our-projects\/\">\n\t\t\t\t\t\t<span class=\"elementor-button-content-wrapper\">\n\t\t\t\t\t\t\t\t\t<span class=\"elementor-button-text\">Learn More<\/span>\n\t\t\t\t\t<\/span>\n\t\t\t\t\t<\/a>\n\t\t\t\t<\/div>\n\t\t\t\t\t\t\t\t<\/div>\n\t\t\t\t<\/div>\n\t\t\t\t\t<\/div>\n\t\t<\/div>\n\t\t\t\t<div class=\"elementor-column elementor-col-50 elementor-top-column elementor-element elementor-element-e3a56fb block_img\" data-id=\"e3a56fb\" data-element_type=\"column\" data-e-type=\"column\">\n\t\t\t<div class=\"elementor-widget-wrap elementor-element-populated\">\n\t\t\t\t\t\t<div class=\"elementor-element elementor-element-aa9c29d elementor-widget elementor-widget-image\" data-id=\"aa9c29d\" data-element_type=\"widget\" data-e-type=\"widget\" data-widget_type=\"image.default\">\n\t\t\t\t<div class=\"elementor-widget-container\">\n\t\t\t\t\t\t\t\t\t\t\t\t\t\t\t<img loading=\"lazy\" decoding=\"async\" width=\"1024\" height=\"1003\" src=\"https:\/\/www.ifs-france.eu\/public\/uploads\/2024\/03\/image-de-garde-1024x1003.webp\" class=\"attachment-large size-large wp-image-2232\" alt=\"\" srcset=\"https:\/\/www.ifs-france.eu\/public\/uploads\/2024\/03\/image-de-garde-1024x1003.webp 1024w, https:\/\/www.ifs-france.eu\/public\/uploads\/2024\/03\/image-de-garde-300x294.webp 300w, https:\/\/www.ifs-france.eu\/public\/uploads\/2024\/03\/image-de-garde-768x752.webp 768w, https:\/\/www.ifs-france.eu\/public\/uploads\/2024\/03\/image-de-garde.webp 1536w\" sizes=\"(max-width: 1024px) 100vw, 1024px\" \/>\t\t\t\t\t\t\t\t\t\t\t\t\t\t\t<\/div>\n\t\t\t\t<\/div>\n\t\t\t\t\t<\/div>\n\t\t<\/div>\n\t\t\t\t\t<\/div>\n\t\t<\/section>\n\t\t\t\t<section class=\"elementor-section elementor-top-section elementor-element elementor-element-c3370f2 elementor-section-full_width block_txt_img fond-cercle section_about elementor-section-height-default elementor-section-height-default\" data-id=\"c3370f2\" data-element_type=\"section\" data-e-type=\"section\" data-settings=\"{&quot;background_background&quot;:&quot;classic&quot;}\">\n\t\t\t\t\t\t<div class=\"elementor-container elementor-column-gap-default\">\n\t\t\t\t\t<div class=\"elementor-column elementor-col-50 elementor-top-column elementor-element elementor-element-8543c27 block_img\" data-id=\"8543c27\" data-element_type=\"column\" data-e-type=\"column\">\n\t\t\t<div class=\"elementor-widget-wrap elementor-element-populated\">\n\t\t\t\t\t\t<div class=\"elementor-element elementor-element-f7a7d16 elementor-widget elementor-widget-image\" data-id=\"f7a7d16\" data-element_type=\"widget\" data-e-type=\"widget\" data-widget_type=\"image.default\">\n\t\t\t\t<div class=\"elementor-widget-container\">\n\t\t\t\t\t\t\t\t\t\t\t\t\t\t\t<img loading=\"lazy\" decoding=\"async\" width=\"1024\" height=\"640\" src=\"https:\/\/www.ifs-france.eu\/public\/uploads\/2024\/02\/Page-dacceuil-1024x640.jpg\" class=\"attachment-large size-large wp-image-1878\" alt=\"Image d\u00e9corative de la fa\u00e7ade d&#039;un b\u00e2timent\" srcset=\"https:\/\/www.ifs-france.eu\/public\/uploads\/2024\/02\/Page-dacceuil-1024x640.jpg 1024w, https:\/\/www.ifs-france.eu\/public\/uploads\/2024\/02\/Page-dacceuil-300x188.jpg 300w, https:\/\/www.ifs-france.eu\/public\/uploads\/2024\/02\/Page-dacceuil-768x480.jpg 768w, https:\/\/www.ifs-france.eu\/public\/uploads\/2024\/02\/Page-dacceuil-1536x961.jpg 1536w, https:\/\/www.ifs-france.eu\/public\/uploads\/2024\/02\/Page-dacceuil-scaled.jpg 2048w\" sizes=\"(max-width: 1024px) 100vw, 1024px\" \/>\t\t\t\t\t\t\t\t\t\t\t\t\t\t\t<\/div>\n\t\t\t\t<\/div>\n\t\t\t\t\t<\/div>\n\t\t<\/div>\n\t\t\t\t<div class=\"elementor-column elementor-col-50 elementor-top-column elementor-element elementor-element-cd30857 block_txt\" data-id=\"cd30857\" data-element_type=\"column\" data-e-type=\"column\">\n\t\t\t<div class=\"elementor-widget-wrap elementor-element-populated\">\n\t\t\t\t\t\t<div class=\"elementor-element elementor-element-454dd0f center elementor-widget elementor-widget-heading\" data-id=\"454dd0f\" data-element_type=\"widget\" data-e-type=\"widget\" data-widget_type=\"heading.default\">\n\t\t\t\t<div class=\"elementor-widget-container\">\n\t\t\t\t\t<h2 class=\"elementor-heading-title elementor-size-default\">The Fixation Specialist <br>since 1996<\/h2>\t\t\t\t<\/div>\n\t\t\t\t<\/div>\n\t\t\t\t<div class=\"elementor-element elementor-element-f15036f center about_home elementor-widget elementor-widget-text-editor\" data-id=\"f15036f\" data-element_type=\"widget\" data-e-type=\"widget\" data-widget_type=\"text-editor.default\">\n\t\t\t\t<div class=\"elementor-widget-container\">\n\t\t\t\t\t\t\t\t\t<p>The company IFS offers you a range of systems to enable you to <strong>fix all facade products<\/strong>.<\/p>\n<p>Established in 1996, IFS leverages its experience to <strong>simplify implementation<\/strong> and <strong>ensure the longevity of your facades<\/strong>, with products compliant with various construction regulations.<\/p>\n<p>Our engineering department creates assembly drawings and calculation notes for the validation of your projects.<\/p>\n\t\t\t\t\t\t\t\t<\/div>\n\t\t\t\t<\/div>\n\t\t\t\t<div class=\"elementor-element elementor-element-4b40cbf bouton bleu center elementor-widget elementor-widget-button\" data-id=\"4b40cbf\" data-element_type=\"widget\" data-e-type=\"widget\" data-widget_type=\"button.default\">\n\t\t\t\t<div class=\"elementor-widget-container\">\n\t\t\t\t\t\t\t\t\t<div class=\"elementor-button-wrapper\">\n\t\t\t\t\t<a class=\"elementor-button elementor-button-link elementor-size-sm\" href=\"https:\/\/www.ifs-france.eu\/en\/the-company\/\">\n\t\t\t\t\t\t<span class=\"elementor-button-content-wrapper\">\n\t\t\t\t\t\t\t\t\t<span class=\"elementor-button-text\">Learn More<\/span>\n\t\t\t\t\t<\/span>\n\t\t\t\t\t<\/a>\n\t\t\t\t<\/div>\n\t\t\t\t\t\t\t\t<\/div>\n\t\t\t\t<\/div>\n\t\t\t\t\t<\/div>\n\t\t<\/div>\n\t\t\t\t\t<\/div>\n\t\t<\/section>\n\t\t\t\t<\/div>\n\t\t","protected":false},"excerpt":{"rendered":"<p>Fixation Systems for facadesCONTACT USFixation Systems for facadesCONTACT USFixation Systems for facadesCONTACT US Product Ranges Natural Stone Facades Facades mountings systems Masonry &amp; brickwork CONCRETE PANEL FIXINGS Featured Find the latest information and achievements of IFS. Learn More The Fixation Specialist since 1996 The company IFS offers you a range of systems to enable you [&hellip;]<\/p>\n","protected":false},"author":1,"featured_media":0,"parent":0,"menu_order":0,"comment_status":"closed","ping_status":"closed","template":"","meta":{"_acf_changed":false,"footnotes":""},"class_list":["post-2275","page","type-page","status-publish","hentry"],"acf":[],"_links":{"self":[{"href":"https:\/\/www.ifs-france.eu\/en\/wp-json\/wp\/v2\/pages\/2275","targetHints":{"allow":["GET"]}}],"collection":[{"href":"https:\/\/www.ifs-france.eu\/en\/wp-json\/wp\/v2\/pages"}],"about":[{"href":"https:\/\/www.ifs-france.eu\/en\/wp-json\/wp\/v2\/types\/page"}],"author":[{"embeddable":true,"href":"https:\/\/www.ifs-france.eu\/en\/wp-json\/wp\/v2\/users\/1"}],"replies":[{"embeddable":true,"href":"https:\/\/www.ifs-france.eu\/en\/wp-json\/wp\/v2\/comments?post=2275"}],"version-history":[{"count":42,"href":"https:\/\/www.ifs-france.eu\/en\/wp-json\/wp\/v2\/pages\/2275\/revisions"}],"predecessor-version":[{"id":3506,"href":"https:\/\/www.ifs-france.eu\/en\/wp-json\/wp\/v2\/pages\/2275\/revisions\/3506"}],"wp:attachment":[{"href":"https:\/\/www.ifs-france.eu\/en\/wp-json\/wp\/v2\/media?parent=2275"}],"curies":[{"name":"wp","href":"https:\/\/api.w.org\/{rel}","templated":true}]}}